{"id":10612,"date":"2024-09-03T11:17:55","date_gmt":"2024-09-03T09:17:55","guid":{"rendered":"https:\/\/www.fossr.eu\/ggsitalia\/"},"modified":"2026-04-10T15:34:53","modified_gmt":"2026-04-10T13:34:53","slug":"ggsitalia","status":"publish","type":"page","link":"https:\/\/www.fossr.eu\/en\/ggsitalia\/","title":{"rendered":"Generations and Gender Survey &#8211; Round II (GGS-II)"},"content":{"rendered":"<section class=\"l-section wpb_row us_custom_a2c25fd9 height_auto\"><div class=\"l-section-h i-cf\"><div class=\"g-cols vc_row via_grid cols_1 laptops-cols_inherit tablets-cols_inherit mobiles-cols_1 valign_top type_default stacking_default\"><div class=\"wpb_column vc_column_container\"><div class=\"vc_column-inner\"><div class=\"g-cols wpb_row section-with-two-column-on-mobile via_grid cols_4 laptops-cols_inherit tablets-cols_inherit mobiles-cols_1 valign_middle type_default stacking_default\" style=\"--gap:3rem;\"><div class=\"wpb_column vc_column_container\"><div class=\"vc_column-inner\"><div class=\"w-image us_custom_da4cf359 align_center\"><div class=\"w-image-h\"><img decoding=\"async\" width=\"500\" height=\"123\" src=\"https:\/\/www.fossr.eu\/wp-content\/uploads\/2023\/05\/EN-Funded-by-the-European-Union_WHITE-Outline_500px.webp\" class=\"attachment-large size-large\" alt=\"\" loading=\"lazy\" srcset=\"https:\/\/www.fossr.eu\/wp-content\/uploads\/2023\/05\/EN-Funded-by-the-European-Union_WHITE-Outline_500px.webp 500w, https:\/\/www.fossr.eu\/wp-content\/uploads\/2023\/05\/EN-Funded-by-the-European-Union_WHITE-Outline_500px-300x74.webp 300w\" sizes=\"auto, (max-width: 500px) 100vw, 500px\" title=\"\"><\/div><\/div><\/div><\/div><div class=\"wpb_column vc_column_container\"><div class=\"vc_column-inner\"><div class=\"w-image us_custom_da4cf359 align_center\"><div class=\"w-image-h\"><img decoding=\"async\" width=\"500\" height=\"150\" src=\"https:\/\/www.fossr.eu\/wp-content\/uploads\/2023\/05\/LOGOBIANCO-_UniversitaRicerca-Nolineare_-500px.webp\" class=\"attachment-large size-large\" alt=\"\" loading=\"lazy\" srcset=\"https:\/\/www.fossr.eu\/wp-content\/uploads\/2023\/05\/LOGOBIANCO-_UniversitaRicerca-Nolineare_-500px.webp 500w, https:\/\/www.fossr.eu\/wp-content\/uploads\/2023\/05\/LOGOBIANCO-_UniversitaRicerca-Nolineare_-500px-300x90.webp 300w\" sizes=\"auto, (max-width: 500px) 100vw, 500px\" title=\"\"><\/div><\/div><\/div><\/div><div class=\"wpb_column vc_column_container\"><div class=\"vc_column-inner\"><div class=\"w-image us_custom_da4cf359 align_center\"><div class=\"w-image-h\"><img decoding=\"async\" width=\"500\" height=\"217\" src=\"https:\/\/www.fossr.eu\/wp-content\/uploads\/2023\/05\/italia-domani-tracciato_COLOREBIANCO_500px.webp\" class=\"attachment-large size-large\" alt=\"\" loading=\"lazy\" srcset=\"https:\/\/www.fossr.eu\/wp-content\/uploads\/2023\/05\/italia-domani-tracciato_COLOREBIANCO_500px.webp 500w, https:\/\/www.fossr.eu\/wp-content\/uploads\/2023\/05\/italia-domani-tracciato_COLOREBIANCO_500px-300x130.webp 300w\" sizes=\"auto, (max-width: 500px) 100vw, 500px\" title=\"\"><\/div><\/div><\/div><\/div><div class=\"wpb_column vc_column_container\"><div class=\"vc_column-inner\"><div class=\"w-image us_custom_da4cf359 align_center\"><div class=\"w-image-h\"><img decoding=\"async\" width=\"500\" height=\"109\" src=\"https:\/\/www.fossr.eu\/wp-content\/uploads\/2023\/05\/Logo_CNR_affiancato_neg_500px.webp\" class=\"attachment-large size-large\" alt=\"\" loading=\"lazy\" srcset=\"https:\/\/www.fossr.eu\/wp-content\/uploads\/2023\/05\/Logo_CNR_affiancato_neg_500px.webp 500w, https:\/\/www.fossr.eu\/wp-content\/uploads\/2023\/05\/Logo_CNR_affiancato_neg_500px-300x65.webp 300w\" sizes=\"auto, (max-width: 500px) 100vw, 500px\" title=\"\"><\/div><\/div><\/div><\/div><\/div><\/div><\/div><\/div><\/div><\/section><section class=\"l-section wpb_row height_medium color_primary with_img\"><div class=\"l-section-img\" role=\"img\" data-img-width=\"1707\" data-img-height=\"2560\" style=\"background-image: url(https:\/\/www.fossr.eu\/wp-content\/uploads\/2024\/09\/luana-azevedo-2X0Set_oSh8-unsplash-scaled.jpg);background-repeat: no-repeat;\"><\/div><div class=\"l-section-overlay\" style=\"background:linear-gradient(0deg,rgba(26,26,26,0.45),rgba(0,0,0,0.65))\"><\/div><div class=\"l-section-h i-cf\"><div class=\"g-cols vc_row via_grid cols_1 laptops-cols_inherit tablets-cols_inherit mobiles-cols_1 valign_bottom type_default stacking_default\"><div class=\"wpb_column vc_column_container\"><div class=\"vc_column-inner\"><h1 class=\"w-text us_custom_8b3d6790 has_text_color\"><span class=\"w-text-h\"><span class=\"w-text-value\">Generations and Gender Survey &#8211; Round II (GGS-II)<\/span><\/span><\/h1><\/div><\/div><\/div><\/div><\/section><section class=\"l-section wpb_row us_custom_bcd427a6 height_auto type_sticky\"><div class=\"l-section-h i-cf\"><div class=\"g-cols vc_row via_grid cols_1 laptops-cols_inherit tablets-cols_inherit mobiles-cols_1 valign_top type_default stacking_default\"><div class=\"wpb_column vc_column_container\"><div class=\"vc_column-inner\"><nav class=\"w-menu us_custom_65e1df24 has_text_color layout_hor style_blocks not_responsive us_menu_1\" style=\"--main-ver-indent:0.8em;--main-hor-indent:0.8em;--main-bg-color:var(--color-header-transparent-bg);--main-color:var(--color-header-top-text-hover);--main-hover-bg-color:var(--color-content-primary);--main-hover-color:var(--color-header-middle-bg);--main-active-bg-color:var(--color-header-top-text-hover);--main-active-color:var(--color-header-middle-bg);\"><ul id=\"menu-menu-services\" class=\"menu\"><li id=\"menu-item-10656\" class=\"menu-item menu-item-type-custom menu-item-object-custom menu-item-10656\"><a href=\"#obiettivi\">Objectives<\/a><\/li><li id=\"menu-item-10657\" class=\"menu-item menu-item-type-custom menu-item-object-custom menu-item-10657\"><a href=\"#descrizione\">Description<\/a><\/li><li id=\"menu-item-10658\" class=\"menu-item menu-item-type-custom menu-item-object-custom menu-item-10658\"><a href=\"#achi\">To whom it is addressed<\/a><\/li><li id=\"menu-item-10659\" class=\"menu-item menu-item-type-custom menu-item-object-custom menu-item-10659\"><a href=\"#informazioni\">Info and insights<\/a><\/li><\/ul><\/nav><\/div><\/div><\/div><\/div><\/section><section class=\"l-section wpb_row height_medium\"><div class=\"l-section-h i-cf\"><div class=\"g-cols vc_row via_grid cols_3-2 laptops-cols_inherit tablets-cols_inherit mobiles-cols_1 valign_top type_default stacking_default\" style=\"--gap:0rem;\"><div class=\"wpb_column vc_column_container\"><div class=\"vc_column-inner\"><div class=\"wpb_text_column\"><div class=\"wpb_wrapper\"><p>L\u2019<strong>Indagine su Generazioni e Genere (<em>Generations and Gender Survey<\/em> \u2013 GGS)<\/strong> \u00e8 condotta dall\u2019infrastruttura di ricerca <a href=\"http:\/\/www.ggp-i.org\" target=\"_blank\" rel=\"noopener nofollow\"><strong>Generations &amp; Gender Programme (GGP)<\/strong><\/a>.<\/p>\n<\/div><\/div><div class=\"w-btn-wrapper align_center\"><a class=\"w-btn us-btn-style_1 us_custom_064d3121\" target=\"_blank\" href=\"https:\/\/survey-ggs.fossr.eu\/878211\" rel=\"nofollow noopener\"><span class=\"w-btn-label\">Accedi all&#8217;indagine GGS-II<\/span><\/a><\/div><div class=\"wpb_text_column\"><div class=\"wpb_wrapper\"><p>Si tratta di uno studio internazionale che ha come obiettivo la raccolta di dati sulle <strong>dinamiche familiari<\/strong>, le <strong>relazioni tra generazioni<\/strong> e la <strong>struttura della popolazione.<\/strong><\/p>\n<\/div><\/div><div class=\"g-cols wpb_row via_grid cols_1 laptops-cols_inherit tablets-cols_inherit mobiles-cols_1 valign_top type_default stacking_default\" style=\"--gap:3rem;\"><div class=\"wpb_column vc_column_container\"><div class=\"vc_column-inner\"><div class=\"wpb_text_column us_custom_cdf14ffd\"><div class=\"wpb_wrapper\"><p><img decoding=\"async\" class=\"wp-image-10066 size-full\" src=\"https:\/\/www.fossr.eu\/wp-content\/uploads\/2024\/09\/logo.png\" alt=\"logo\" width=\"28%\" title=\"\"><img decoding=\"async\" class=\"wp-image-10252 size-large\" src=\"https:\/\/www.fossr.eu\/wp-content\/uploads\/2024\/10\/logo_FOSSR-NEW-cropped-1024x397.png\" alt=\"logo_FOSSR NEW cropped\" width=\"60%\" srcset=\"https:\/\/www.fossr.eu\/wp-content\/uploads\/2024\/10\/logo_FOSSR-NEW-cropped-1024x397.png 1024w, https:\/\/www.fossr.eu\/wp-content\/uploads\/2024\/10\/logo_FOSSR-NEW-cropped-300x116.png 300w, https:\/\/www.fossr.eu\/wp-content\/uploads\/2024\/10\/logo_FOSSR-NEW-cropped.png 1745w\" sizes=\"(max-width: 1024px) 100vw, 1024px\" title=\"\"><\/p>\n<\/div><\/div><\/div><\/div><div class=\"wpb_column vc_column_container\"><div class=\"vc_column-inner\"><div class=\"wpb_text_column\"><div class=\"wpb_wrapper\"><ul style=\"font-size: smaller; padding-right: 5px; margin-left: 0;\">\n<li><a href=\"https:\/\/www.fossr.eu\/wp-content\/uploads\/2025\/07\/GGS_Informativa-trattamento-dati.pdf\" target=\"_blank\" rel=\"noopener\">Informativa sulla protezione delle persone fisiche con riguardo al trattamento dei dati personali (RGPD UE 2016\/679, art. 13) per l\u2019indagine Generations and Gender Survey \u2013 round II<\/a>.<\/li>\n<\/ul>\n<\/div><\/div><\/div><\/div><\/div><\/div><\/div><div class=\"wpb_column vc_column_container us_custom_94bd6d68 has_bg_color\"><div class=\"vc_column-overlay\" style=\"background:rgba(0,0,0,0.00)\"><\/div><div class=\"vc_column-inner\"><\/div><\/div><\/div><\/div><\/section><section class=\"l-section wpb_row us_custom_fc101970 height_medium\" id=\"obiettivi\"><div class=\"l-section-h i-cf\"><div class=\"g-cols vc_row via_grid cols_1 laptops-cols_inherit tablets-cols_inherit mobiles-cols_1 valign_top type_default stacking_default\"><div class=\"wpb_column vc_column_container us_custom_5dc8dd00\"><div class=\"vc_column-inner\"><h3 class=\"w-text us_custom_cfada43f has_text_color\"><span class=\"w-text-h\"><span class=\"w-text-value\">Obiettivi<\/span><\/span><\/h3><div class=\"wpb_text_column\"><div class=\"wpb_wrapper\"><p>L\u2019indagine <strong>GGS<\/strong> prosegue ed eredita l\u2019esperienza dell\u2019<strong>Indagine sulla Fertilit\u00e0 e sulla Famiglia (FFS)<\/strong> condotta negli anni &#8217;90 dall\u2019<a href=\"https:\/\/unece.org\/population\" target=\"_blank\" rel=\"noopener nofollow\">Unit\u00e0 sulla Popolazione della <strong>Commissione Economica per l&#8217;Europa delle Nazioni Unite (UNECE).<\/strong><\/a><\/p>\n<p>Dalla sua creazione (2000), GGP fornisce dati panel armonizzati, su larga scala, longitudinali e transnazionali sui corsi di vita individuali e sulle dinamiche familiari. Attraverso la serie di indagini GGS, vengono seguite le e gli intervistati attraverso <strong>le relazioni, i matrimoni, la genitorialit\u00e0, i divorzi, i decessi<\/strong> e molte delle opportunit\u00e0 e delle sfide che le persone affrontano lungo il percorso di vita. Il database contestuale integra i dati dell&#8217;indagine con indicatori a livello regionale e nazionale per <strong>aiutare a comprendere meglio il ruolo che le politiche e altri fattori contestuali svolgono nella vita degli individui e delle famiglie<\/strong>. Tali informazioni, raccolte seguendo i princ\u00ecpi dell\u2019<strong><em>Open Science<\/em><\/strong>, sono ideali per formulare risposte basate sulla conoscenza scientifica rilevanti nel definire politiche sociali per affrontare le sfide contemporanee.<\/p>\n<p>Attualmente \u00e8 in corso il secondo round dell\u2019indagine GGS, che coinvolge numerosi Paesi europei e non solo.<\/p>\n<\/div><\/div><\/div><\/div><\/div><\/div><\/section><section class=\"l-section wpb_row height_medium\" id=\"descrizione\"><div class=\"l-section-h i-cf\"><div class=\"g-cols vc_row via_grid cols_1 laptops-cols_inherit tablets-cols_inherit mobiles-cols_1 valign_top type_default stacking_default\"><div class=\"wpb_column vc_column_container us_custom_abf3ca82 has_bg_color stretched\"><div class=\"vc_column-inner\"><div class=\"wpb_text_column us_custom_e60c3f1a has_text_color\"><div class=\"wpb_wrapper\"><p>GGS-II seguir\u00e0 gli intervistati attraverso le relazioni, i matrimoni, la genitorialit\u00e0, i divorzi, i decessi e altre opportunit\u00e0 e sfide del percorso di vita, raccogliendo informazioni secondo i princ\u00ecpi dell\u2019<em>Open Science<\/em>, ideali per formulare politiche sociali basate sulla conoscenza scientifica adeguate alle sfide contemporanee.<\/p>\n<\/div><\/div><\/div><\/div><\/div><\/div><\/section><section class=\"l-section wpb_row us_custom_887a049b height_medium\"><div class=\"l-section-h i-cf\"><div class=\"g-cols vc_row via_grid cols_1 laptops-cols_inherit tablets-cols_inherit mobiles-cols_1 valign_top type_default stacking_default\"><div class=\"wpb_column vc_column_container\"><div class=\"vc_column-inner\"><h3 class=\"w-text us_custom_cfada43f has_text_color\"><span class=\"w-text-h\"><span class=\"w-text-value\">Descrizione del servizio<\/span><\/span><\/h3><div class=\"wpb_text_column\"><div class=\"wpb_wrapper\"><p class=\"paragraph\" style=\"vertical-align: baseline; margin: 0cm -2.25pt 0.0001pt 0cm; text-align: left;\">GGS-II raccoglie informazioni su un campione di <strong>8.000 individui, statisticamente rappresentativo della popolazione residente in Italia di et\u00e0 compresa tra i 18 e i 79 anni<\/strong><strong>.<\/strong><\/p>\n<p class=\"paragraph\" style=\"vertical-align: baseline; margin: 0cm -2.25pt 0.0001pt 0cm; text-align: left;\"><span style=\"font-size: 11.0pt;\">Il questionario GGS-II copre i seguenti argomenti:<\/span><\/p>\n<\/div><\/div><div class=\"w-iconbox us_custom_655515c3 iconpos_left style_circle color_primary align_left no_title\"><div class=\"w-iconbox-icon\" style=\"font-size:1rem;\"><i class=\"fas fa-id-card\"><\/i><\/div><div class=\"w-iconbox-meta\"><div class=\"w-iconbox-text\"><p><strong>Caratteristiche sociodemografiche<\/strong> di base delle e degli intervistati;<\/p>\n<\/div><\/div><\/div><div class=\"w-iconbox us_custom_655515c3 iconpos_left style_circle color_primary align_left no_title\"><div class=\"w-iconbox-icon\" style=\"font-size:1rem;\"><i class=\"fas fa-people-arrows\"><\/i><\/div><div class=\"w-iconbox-meta\"><div class=\"w-iconbox-text\"><p><strong>Storie di vita<\/strong>: rapporti con il partner attuale e relazioni passate, tipologia di rapporto, divergenze di opinioni; rapporto con le e i figli, adozioni, tempo dedicato alla loro cura;<\/p>\n<\/div><\/div><\/div><div class=\"w-iconbox us_custom_655515c3 iconpos_left style_circle color_primary align_left no_title\"><div class=\"w-iconbox-icon\" style=\"font-size:1rem;\"><i class=\"fas fa-baby\"><\/i><\/div><div class=\"w-iconbox-meta\"><div class=\"w-iconbox-text\"><p><strong>Fecondit\u00e0<\/strong>: sessualit\u00e0 e salute, attuale gravidanza o intenzione\/possibilit\u00e0 di avere figli; ricorso a cure per facilitare il concepimento, utilizzo di contraccettivi;<\/p>\n<\/div><\/div><\/div><div class=\"w-iconbox us_custom_655515c3 iconpos_left style_circle color_primary align_left no_title\"><div class=\"w-iconbox-icon\" style=\"font-size:1rem;\"><i class=\"fas fa-house\"><\/i><\/div><div class=\"w-iconbox-meta\"><div class=\"w-iconbox-text\"><p><strong>Decisioni familiari<\/strong>: relazioni con gli altri membri della famiglia, organizzazione familiare, aiuto e supporto, cura dei figli, assistenza all\u2019infanzia, decisioni sugli acquisti, organizzazione del reddito e delle spese mensili, aiuto nei lavori domestici e nella gestione dei figli;<\/p>\n<\/div><\/div><\/div><div class=\"w-iconbox us_custom_655515c3 iconpos_left style_circle color_primary align_left no_title\"><div class=\"w-iconbox-icon\" style=\"font-size:1rem;\"><i class=\"fas fa-scroll-old\"><\/i><\/div><div class=\"w-iconbox-meta\"><div class=\"w-iconbox-text\"><p><strong>Generazioni<\/strong>: rapporto dell&#8217;intervistato con i propri genitori, storia familiare e infanzia dell\u2019intervistato, istruzione dei genitori, transizione all&#8217;et\u00e0 adulta;<\/p>\n<\/div><\/div><\/div><div class=\"w-iconbox us_custom_655515c3 iconpos_left style_circle color_primary align_left no_title\"><div class=\"w-iconbox-icon\" style=\"font-size:1rem;\"><i class=\"fas fa-spa\"><\/i><\/div><div class=\"w-iconbox-meta\"><div class=\"w-iconbox-text\"><p><strong>Benessere<\/strong>: benessere e stato di salute dell\u2019intervistato, soddisfazione per la propria vita, capacit\u00e0 di svolgere normali attivit\u00e0 quotidiane, supporto sociale ed emotivo;<\/p>\n<\/div><\/div><\/div><div class=\"w-iconbox us_custom_655515c3 iconpos_left style_circle color_primary align_left no_title\"><div class=\"w-iconbox-icon\" style=\"font-size:1rem;\"><i class=\"fas fa-user-hard-hat\"><\/i><\/div><div class=\"w-iconbox-meta\"><div class=\"w-iconbox-text\"><p><strong>Lavoro<\/strong>: posizione lavorativa attuale e pregressa dell\u2019intervistato e del partner, distanza del luogo di lavoro dall\u2019abitazione;<\/p>\n<\/div><\/div><\/div><div class=\"w-iconbox us_custom_655515c3 iconpos_left style_circle color_primary align_left no_title\"><div class=\"w-iconbox-icon\" style=\"font-size:1rem;\"><i class=\"fas fa-coin\"><\/i><\/div><div class=\"w-iconbox-meta\"><div class=\"w-iconbox-text\"><p><strong>Reddito<\/strong>: situazione economico-patrimoniale dell\u2019intervistato e della famiglia, tipologia di reddito, ritardi nei pagamenti;<\/p>\n<\/div><\/div><\/div><div class=\"w-iconbox us_custom_655515c3 iconpos_left style_circle color_primary align_left no_title\"><div class=\"w-iconbox-icon\" style=\"font-size:1rem;\"><i class=\"fas fa-praying-hands\"><\/i><\/div><div class=\"w-iconbox-meta\"><div class=\"w-iconbox-text\"><p><strong>Attitudini<\/strong>: confessione religiosa, partecipazione a funzioni religiose, opinioni sulle prospettive e sulle relazioni familiari.<\/p>\n<\/div><\/div><\/div><\/div><\/div><\/div><\/div><\/section><section class=\"l-section wpb_row us_custom_ac7f0357 height_medium\" id=\"achi\"><div class=\"l-section-h i-cf\"><div class=\"g-cols vc_row via_grid cols_1 laptops-cols_inherit tablets-cols_inherit mobiles-cols_1 valign_top type_default stacking_default\"><div class=\"wpb_column vc_column_container\"><div class=\"vc_column-inner\"><h3 class=\"w-text us_custom_4a29d934 has_text_color\"><span class=\"w-text-h\"><span class=\"w-text-value\">A chi si rivolge<\/span><\/span><\/h3><div class=\"wpb_text_column us_custom_8fc8b052 has_text_color\"><div class=\"wpb_wrapper\"><p>GGS-II \u00e8 integrato all\u2019interno dell\u2019infrastruttura FOSSR e fornisce servizi al personale di ricerca italiano ed estero, ai decisori politici e ai soggetti istituzionali, alla societ\u00e0 civile oltre che a tutti i partner coinvolti nel progetto.<\/p>\n<\/div><\/div><\/div><\/div><\/div><\/div><\/section><section class=\"l-section wpb_row height_medium\" id=\"informazioni\"><div class=\"l-section-h i-cf\"><div class=\"g-cols vc_row via_grid cols_1 laptops-cols_inherit tablets-cols_inherit mobiles-cols_1 valign_top type_default stacking_default\"><div class=\"wpb_column vc_column_container\"><div class=\"vc_column-inner\"><h3 class=\"w-text us_custom_cfada43f has_text_color\"><span class=\"w-text-h\"><span class=\"w-text-value\">Informazioni<\/span><\/span><\/h3><div class=\"wpb_text_column\"><div class=\"wpb_wrapper\"><p>Per informazioni e contatti scrivere a: <a href=\"mailto:ggs@irpps.cnr.it\">ggs@irpps.cnr.it<\/a>.<\/p>\n<p><img loading=\"lazy\" decoding=\"async\" class=\"wp-image-10173 size-medium alignright\" src=\"https:\/\/www.fossr.eu\/wp-content\/uploads\/2024\/10\/Logo-Bocconi-300x125.jpg\" alt=\"Logo Bocconi\" width=\"300\" height=\"125\" srcset=\"https:\/\/www.fossr.eu\/wp-content\/uploads\/2024\/10\/Logo-Bocconi-300x125.jpg 300w, https:\/\/www.fossr.eu\/wp-content\/uploads\/2024\/10\/Logo-Bocconi.jpg 459w\" sizes=\"auto, (max-width: 300px) 100vw, 300px\" title=\"\"> L&#8217;indagine italiana del GGS-II \u00e8 coordinata dall&#8217;Istituto di Ricerche sulla Popolazione e le Politiche Sociali (IRPPS) del Consiglio Nazionale delle Ricerche (CNR), <a href=\"https:\/\/www.fossr.eu\/istitutiecentripartecipanti\/\" target=\"_blank\" rel=\"noopener\">partner di FOSSR<\/a>, insieme all&#8217;Universit\u00e0 commerciale &#8220;Luigi Bocconi&#8221; di Milano.<\/p>\n<\/div><\/div><h3 class=\"w-text us_custom_4f1b658e has_text_color\"><span class=\"w-text-h\"><span class=\"w-text-value\">Approfondimenti<\/span><\/span><\/h3><div class=\"w-grid type_grid layout_blog_1 cols_2\" id=\"us_grid_1\" style=\"--gap:1.5rem;\" data-filterable=\"true\"><style>@media (max-width:600px){#us_grid_1 .w-grid-list{margin:0}#us_grid_1 .w-grid-item{width:100%;padding:0;margin-bottom:var(--gap,0px)}}.layout_blog_1 .w-grid-item-h{}.layout_blog_1 .usg_post_image_1{margin-bottom:0.5rem!important}.layout_blog_1 .usg_post_title_1{font-size:1rem!important}<\/style><div class=\"w-grid-list\">\t<article class=\"w-grid-item size_1x1 post-11162 post type-post status-publish format-standard has-post-thumbnail hentry category-news-en tag-ggs-en tag-irpps-en tag-survey-en\" data-id=\"11162\">\r\n\t\t<div class=\"w-grid-item-h\">\r\n\t\t\t\t\t\t<div class=\"w-post-elm post_image usg_post_image_1 stretched\"><a href=\"https:\/\/www.fossr.eu\/en\/lanciata-nellambito-di-fossr-la-seconda-edizione-dellindagine-generations-and-gender-survey\/\" aria-label=\"Launched as part of FOSSR the second edition of the Generations and Gender Survey\"><img loading=\"lazy\" decoding=\"async\" width=\"923\" height=\"923\" src=\"https:\/\/www.fossr.eu\/wp-content\/uploads\/2025\/07\/FOSSR-GGSII.png\" class=\"attachment-large size-large wp-post-image\" alt=\"\" srcset=\"https:\/\/www.fossr.eu\/wp-content\/uploads\/2025\/07\/FOSSR-GGSII.png 923w, https:\/\/www.fossr.eu\/wp-content\/uploads\/2025\/07\/FOSSR-GGSII-300x300.png 300w, https:\/\/www.fossr.eu\/wp-content\/uploads\/2025\/07\/FOSSR-GGSII-150x150.png 150w\" sizes=\"auto, (max-width: 923px) 100vw, 923px\" title=\"\"><\/a><\/div><h2 class=\"w-post-elm post_title usg_post_title_1 entry-title color_link_inherit\"><a href=\"https:\/\/www.fossr.eu\/en\/lanciata-nellambito-di-fossr-la-seconda-edizione-dellindagine-generations-and-gender-survey\/\">Launched as part of FOSSR the second edition of the Generations and Gender Survey<\/a><\/h2>\t\t<\/div>\r\n\t\t\t<\/article>\r\n<\/div><div class=\"w-grid-preloader\">\t<div class=\"g-preloader type_1\">\r\n\t\t<div><\/div>\r\n\t<\/div>\r\n\t<\/div>\t<div class=\"w-grid-json hidden\" onclick='return {&quot;action&quot;:&quot;us_ajax_grid&quot;,&quot;infinite_scroll&quot;:0,&quot;max_num_pages&quot;:1,&quot;pagination&quot;:&quot;none&quot;,&quot;template_vars&quot;:{&quot;columns&quot;:&quot;2&quot;,&quot;exclude_items&quot;:&quot;none&quot;,&quot;img_size&quot;:&quot;default&quot;,&quot;ignore_items_size&quot;:0,&quot;items_layout&quot;:&quot;blog_1&quot;,&quot;items_offset&quot;:&quot;1&quot;,&quot;load_animation&quot;:&quot;none&quot;,&quot;overriding_link&quot;:&quot;{\\&quot;url\\&quot;:\\&quot;\\&quot;}&quot;,&quot;post_id&quot;:0,&quot;query_args&quot;:{&quot;post_type&quot;:[&quot;post&quot;],&quot;tax_query&quot;:[{&quot;taxonomy&quot;:&quot;post_tag&quot;,&quot;field&quot;:&quot;slug&quot;,&quot;terms&quot;:[&quot;ggs&quot;]}],&quot;post_status&quot;:[&quot;publish&quot;,&quot;acf-disabled&quot;,&quot;mapped&quot;,&quot;needs_update&quot;],&quot;posts_per_page&quot;:&quot;10&quot;},&quot;orderby_query_args&quot;:{&quot;orderby&quot;:{&quot;date&quot;:&quot;DESC&quot;}},&quot;type&quot;:&quot;grid&quot;,&quot;us_grid_post_type&quot;:&quot;post&quot;,&quot;us_grid_ajax_index&quot;:1,&quot;us_grid_filter_params&quot;:[],&quot;us_grid_index&quot;:1,&quot;page_args&quot;:[],&quot;lang&quot;:&quot;en&quot;}}'><\/div>\r\n\t<\/div><div class=\"wpb_text_column us_custom_f20ad11b\"><div class=\"wpb_wrapper\"><p><em>*pictures credits: Luana Azevedo on Unsplash<\/em><\/p>\n<\/div><\/div><\/div><\/div><\/div><\/div><\/section>\n","protected":false},"excerpt":{"rendered":"FOSSR GGS-II The second edition of the Generations and Gender Survey (GGS-II), a major international study sponsored by the Generations &amp; Gender Program (GGP), has also officially launched in Italy as part of the FOSSR research infrastructure. The survey collects high-quality data on family dynamics, intergenerational relations and population structure, continuing the experience of the...","protected":false},"author":5,"featured_media":0,"parent":0,"menu_order":0,"comment_status":"closed","ping_status":"closed","template":"","meta":{"_acf_changed":false,"footnotes":""},"class_list":["post-10612","page","type-page","status-publish","hentry"],"acf":[],"_links":{"self":[{"href":"https:\/\/www.fossr.eu\/en\/wp-json\/wp\/v2\/pages\/10612","targetHints":{"allow":["GET"]}}],"collection":[{"href":"https:\/\/www.fossr.eu\/en\/wp-json\/wp\/v2\/pages"}],"about":[{"href":"https:\/\/www.fossr.eu\/en\/wp-json\/wp\/v2\/types\/page"}],"author":[{"embeddable":true,"href":"https:\/\/www.fossr.eu\/en\/wp-json\/wp\/v2\/users\/5"}],"replies":[{"embeddable":true,"href":"https:\/\/www.fossr.eu\/en\/wp-json\/wp\/v2\/comments?post=10612"}],"version-history":[{"count":18,"href":"https:\/\/www.fossr.eu\/en\/wp-json\/wp\/v2\/pages\/10612\/revisions"}],"predecessor-version":[{"id":12338,"href":"https:\/\/www.fossr.eu\/en\/wp-json\/wp\/v2\/pages\/10612\/revisions\/12338"}],"wp:attachment":[{"href":"https:\/\/www.fossr.eu\/en\/wp-json\/wp\/v2\/media?parent=10612"}],"curies":[{"name":"wp","href":"https:\/\/api.w.org\/{rel}","templated":true}]}}