{"id":9836,"date":"2024-04-15T16:41:04","date_gmt":"2024-04-15T14:41:04","guid":{"rendered":"https:\/\/www.fossr.eu\/governance\/ethics-committee\/"},"modified":"2024-07-19T15:48:22","modified_gmt":"2024-07-19T13:48:22","slug":"ethics-committee","status":"publish","type":"page","link":"https:\/\/www.fossr.eu\/en\/governance\/ethics-committee\/","title":{"rendered":"Ethics Committee"},"content":{"rendered":"<section class=\"l-section wpb_row us_custom_a2c25fd9 height_auto\"><div class=\"l-section-h i-cf\"><div class=\"g-cols vc_row via_grid cols_1 laptops-cols_inherit tablets-cols_inherit mobiles-cols_1 valign_top type_default stacking_default\"><div class=\"wpb_column vc_column_container\"><div class=\"vc_column-inner\"><div class=\"g-cols wpb_row section-with-two-column-on-mobile via_grid cols_4 laptops-cols_inherit tablets-cols_inherit mobiles-cols_1 valign_middle type_default stacking_default\" style=\"--gap:3rem;\"><div class=\"wpb_column vc_column_container\"><div class=\"vc_column-inner\"><div class=\"w-image us_custom_da4cf359 align_center\"><div class=\"w-image-h\"><img decoding=\"async\" width=\"500\" height=\"123\" src=\"https:\/\/www.fossr.eu\/wp-content\/uploads\/2023\/05\/EN-Funded-by-the-European-Union_WHITE-Outline_500px.webp\" class=\"attachment-large size-large\" alt=\"\" loading=\"lazy\" srcset=\"https:\/\/www.fossr.eu\/wp-content\/uploads\/2023\/05\/EN-Funded-by-the-European-Union_WHITE-Outline_500px.webp 500w, https:\/\/www.fossr.eu\/wp-content\/uploads\/2023\/05\/EN-Funded-by-the-European-Union_WHITE-Outline_500px-300x74.webp 300w\" sizes=\"auto, (max-width: 500px) 100vw, 500px\" title=\"\"><\/div><\/div><\/div><\/div><div class=\"wpb_column vc_column_container\"><div class=\"vc_column-inner\"><div class=\"w-image us_custom_da4cf359 align_center\"><div class=\"w-image-h\"><img decoding=\"async\" width=\"500\" height=\"150\" src=\"https:\/\/www.fossr.eu\/wp-content\/uploads\/2023\/05\/LOGOBIANCO-_UniversitaRicerca-Nolineare_-500px.webp\" class=\"attachment-large size-large\" alt=\"\" loading=\"lazy\" srcset=\"https:\/\/www.fossr.eu\/wp-content\/uploads\/2023\/05\/LOGOBIANCO-_UniversitaRicerca-Nolineare_-500px.webp 500w, https:\/\/www.fossr.eu\/wp-content\/uploads\/2023\/05\/LOGOBIANCO-_UniversitaRicerca-Nolineare_-500px-300x90.webp 300w\" sizes=\"auto, (max-width: 500px) 100vw, 500px\" title=\"\"><\/div><\/div><\/div><\/div><div class=\"wpb_column vc_column_container\"><div class=\"vc_column-inner\"><div class=\"w-image us_custom_da4cf359 align_center\"><div class=\"w-image-h\"><img decoding=\"async\" width=\"500\" height=\"217\" src=\"https:\/\/www.fossr.eu\/wp-content\/uploads\/2023\/05\/italia-domani-tracciato_COLOREBIANCO_500px.webp\" class=\"attachment-large size-large\" alt=\"\" loading=\"lazy\" srcset=\"https:\/\/www.fossr.eu\/wp-content\/uploads\/2023\/05\/italia-domani-tracciato_COLOREBIANCO_500px.webp 500w, https:\/\/www.fossr.eu\/wp-content\/uploads\/2023\/05\/italia-domani-tracciato_COLOREBIANCO_500px-300x130.webp 300w\" sizes=\"auto, (max-width: 500px) 100vw, 500px\" title=\"\"><\/div><\/div><\/div><\/div><div class=\"wpb_column vc_column_container\"><div class=\"vc_column-inner\"><div class=\"w-image us_custom_da4cf359 align_center\"><div class=\"w-image-h\"><img decoding=\"async\" width=\"500\" height=\"109\" src=\"https:\/\/www.fossr.eu\/wp-content\/uploads\/2023\/05\/Logo_CNR_affiancato_neg_500px.webp\" class=\"attachment-large size-large\" alt=\"\" loading=\"lazy\" srcset=\"https:\/\/www.fossr.eu\/wp-content\/uploads\/2023\/05\/Logo_CNR_affiancato_neg_500px.webp 500w, https:\/\/www.fossr.eu\/wp-content\/uploads\/2023\/05\/Logo_CNR_affiancato_neg_500px-300x65.webp 300w\" sizes=\"auto, (max-width: 500px) 100vw, 500px\" title=\"\"><\/div><\/div><\/div><\/div><\/div><\/div><\/div><\/div><\/div><\/section><section class=\"l-section wpb_row height_medium color_primary with_img\"><div class=\"l-section-img\" role=\"img\" data-img-width=\"1475\" data-img-height=\"831\" style=\"background-image: url(https:\/\/www.fossr.eu\/wp-content\/uploads\/2023\/08\/FOSSR-Hero-Governance.webp);background-repeat: no-repeat;\"><\/div><div class=\"l-section-overlay\" style=\"background:rgba(26,26,26,0.35)\"><\/div><div class=\"l-section-h i-cf\"><div class=\"g-cols vc_row via_grid cols_1 laptops-cols_inherit tablets-cols_inherit mobiles-cols_1 valign_bottom type_default stacking_default\"><div class=\"wpb_column vc_column_container\"><div class=\"vc_column-inner\"><h1 class=\"w-text us_custom_8b3d6790 has_text_color\"><span class=\"w-text-h\"><span class=\"w-text-value\">Ethics Committee<\/span><\/span><\/h1><\/div><\/div><\/div><\/div><\/section><section class=\"l-section wpb_row us_custom_19737bc8 height_medium\"><div class=\"l-section-h i-cf\"><div class=\"g-cols vc_row via_grid cols_4 laptops-cols_inherit tablets-cols_inherit mobiles-cols_1 valign_top type_default stacking_default\"><div class=\"wpb_column vc_column_container\"><div class=\"vc_column-inner\"><div class=\"w-ibanner animation_phorcys ratio_3x4 easing_ease\"><div class=\"w-ibanner-h\"><div class=\"w-ibanner-image\" style=\"background-image: url(https:\/\/www.fossr.eu\/wp-content\/uploads\/2023\/08\/FOSSR-placeholder-768x1024.jpg)\"><\/div><div class=\"w-ibanner-content\"><div class=\"w-ibanner-content-h\"><h4 class=\"w-ibanner-title\" style=\"font-size:clamp(1rem, 0.208vw + 0.938rem, 1.125rem);\">Cinzia Caporale<\/h4><div class=\"w-ibanner-desc\"><p>ChairCNRCentro Interdipartimentale per l&apos;Etica e l&apos;Integrit\u00e0 nella Ricerca<\/p>\n<\/div><\/div><\/div><\/div><\/div><\/div><\/div><div class=\"wpb_column vc_column_container\"><div class=\"vc_column-inner\"><div class=\"w-ibanner animation_phorcys ratio_3x4 easing_ease\"><div class=\"w-ibanner-h\"><div class=\"w-ibanner-image\" style=\"background-image: url(https:\/\/www.fossr.eu\/wp-content\/uploads\/2023\/08\/FOSSR-placeholder-768x1024.jpg)\"><\/div><div class=\"w-ibanner-content\"><div class=\"w-ibanner-content-h\"><h4 class=\"w-ibanner-title\" style=\"font-size:clamp(1rem, 0.208vw + 0.938rem, 1.125rem);\">Giovanni Cerulli<\/h4><div class=\"w-ibanner-desc\"><p>Coordinatore Scientifico FOSSRCNR - IRCRESIstituto di Ricerca sulla Crescita Economica Sostenibile<\/p>\n<\/div><\/div><\/div><\/div><\/div><\/div><\/div><div class=\"wpb_column vc_column_container\"><div class=\"vc_column-inner\"><div class=\"w-ibanner animation_phorcys ratio_3x4 easing_ease\"><div class=\"w-ibanner-h\"><div class=\"w-ibanner-image\" style=\"background-image: url(https:\/\/www.fossr.eu\/wp-content\/uploads\/2023\/08\/FOSSR-placeholder-768x1024.jpg)\"><\/div><div class=\"w-ibanner-content\"><div class=\"w-ibanner-content-h\"><h4 class=\"w-ibanner-title\" style=\"font-size:clamp(1rem, 0.208vw + 0.938rem, 1.125rem);\">Carlo Casonato<\/h4><div class=\"w-ibanner-desc\"><p>Universit\u00e0 degli Studi di Trento<\/p>\n<\/div><\/div><\/div><\/div><\/div><\/div><\/div><div class=\"wpb_column vc_column_container\"><div class=\"vc_column-inner\"><div class=\"w-ibanner animation_phorcys ratio_3x4 easing_ease\"><div class=\"w-ibanner-h\"><div class=\"w-ibanner-image\" style=\"background-image: url(https:\/\/www.fossr.eu\/wp-content\/uploads\/2023\/08\/FOSSR-placeholder-768x1024.jpg)\"><\/div><div class=\"w-ibanner-content\"><div class=\"w-ibanner-content-h\"><h4 class=\"w-ibanner-title\" style=\"font-size:clamp(1rem, 0.208vw + 0.938rem, 1.125rem);\">Alessia Melegaro<\/h4><div class=\"w-ibanner-desc\"><p>Universit\u00e0 Bocconi<\/p>\n<\/div><\/div><\/div><\/div><\/div><\/div><\/div><\/div><\/div><\/section><section class=\"l-section wpb_row us_custom_19737bc8 height_medium\"><div class=\"l-section-h i-cf\"><div class=\"g-cols vc_row via_grid cols_4 laptops-cols_inherit tablets-cols_inherit mobiles-cols_1 valign_top type_default stacking_default\"><div class=\"wpb_column vc_column_container\"><div class=\"vc_column-inner\"><div class=\"w-ibanner animation_phorcys ratio_3x4 easing_ease\"><div class=\"w-ibanner-h\"><div class=\"w-ibanner-image\" style=\"background-image: url(https:\/\/www.fossr.eu\/wp-content\/uploads\/2023\/08\/FOSSR-placeholder-768x1024.jpg)\"><\/div><div class=\"w-ibanner-content\"><div class=\"w-ibanner-content-h\"><h4 class=\"w-ibanner-title\" style=\"font-size:clamp(1rem, 0.208vw + 0.938rem, 1.125rem);\">Laura Palazzani<\/h4><div class=\"w-ibanner-desc\"><p>LUMSALibera Universit\u00e0 Maria Ss. Assunta<\/p>\n<\/div><\/div><\/div><\/div><\/div><\/div><\/div><div class=\"wpb_column vc_column_container\"><div class=\"vc_column-inner\"><div class=\"w-ibanner animation_phorcys ratio_3x4 easing_ease\"><div class=\"w-ibanner-h\"><div class=\"w-ibanner-image\" style=\"background-image: url(https:\/\/www.fossr.eu\/wp-content\/uploads\/2023\/08\/FOSSR-placeholder-768x1024.jpg)\"><\/div><div class=\"w-ibanner-content\"><div class=\"w-ibanner-content-h\"><h4 class=\"w-ibanner-title\" style=\"font-size:clamp(1rem, 0.208vw + 0.938rem, 1.125rem);\">Alberto Pirni<\/h4><div class=\"w-ibanner-desc\"><p>Scuola Superiore Sant&apos;AnnaScuola Universitaria Superiore Pisa<\/p>\n<\/div><\/div><\/div><\/div><\/div><\/div><\/div><div class=\"wpb_column vc_column_container\"><div class=\"vc_column-inner\"><div class=\"w-ibanner animation_phorcys ratio_3x4 easing_ease\"><div class=\"w-ibanner-h\"><div class=\"w-ibanner-image\" style=\"background-image: url(https:\/\/www.fossr.eu\/wp-content\/uploads\/2023\/08\/FOSSR-placeholder-768x1024.jpg)\"><\/div><div class=\"w-ibanner-content\"><div class=\"w-ibanner-content-h\"><h4 class=\"w-ibanner-title\" style=\"font-size:clamp(1rem, 0.208vw + 0.938rem, 1.125rem);\">Federico Gustavo Pizzetti<\/h4><div class=\"w-ibanner-desc\"><p>Universit\u00e0 degli Studi di Milano Statale<\/p>\n<\/div><\/div><\/div><\/div><\/div><\/div><\/div><div class=\"wpb_column vc_column_container\"><div class=\"vc_column-inner\"><\/div><\/div><\/div><\/div><\/section><section class=\"l-section wpb_row height_medium\"><div class=\"l-section-h i-cf\"><div class=\"g-cols vc_row via_grid cols_1 laptops-cols_inherit tablets-cols_inherit mobiles-cols_1 valign_top type_default stacking_default\"><div class=\"wpb_column vc_column_container\"><div class=\"vc_column-inner\"><div class=\"wpb_text_column\"><div class=\"wpb_wrapper\"><p>They take part in meetings without the right to vote:<\/p>\n<ul>\n<li><strong>Roberta Martina Zagarella<br \/>\n<\/strong>CNR \u2013 Centro Interdipartimentale per l\u2019Etica e l\u2019Integrit\u00e0 nella Ricerca (Unit\u00e0 Operativa che supporta il Comitato Etico)<\/li>\n<li><strong>Giulia Sciolli<br \/>\n<\/strong>CNR \u2013 Centro Interdipartimentale per l\u2019Etica e l\u2019Integrit\u00e0 nella Ricerca (Unit\u00e0 Operativa che supporta il Comitato Etico)<\/li>\n<\/ul>\n<\/div><\/div><\/div><\/div><\/div><\/div><\/section>\n","protected":false},"excerpt":{"rendered":"Ethics CommitteeCinzia CaporaleChairCNRCentro Interdipartimentale per l&apos;Etica e l&apos;Integrit\u00e0 nella Ricerca Giovanni CerulliCoordinatore Scientifico FOSSRCNR - IRCRESIstituto di Ricerca sulla Crescita Economica Sostenibile Carlo CasonatoUniversit\u00e0 degli Studi di Trento Alessia MelegaroUniversit\u00e0 Bocconi Laura PalazzaniLUMSALibera Universit\u00e0 Maria Ss. Assunta Alberto PirniScuola Superiore Sant&apos;AnnaScuola Universitaria Superiore Pisa Federico Gustavo PizzettiUniversit\u00e0 degli Studi di Milano Statale They take part...","protected":false},"author":1,"featured_media":0,"parent":9833,"menu_order":0,"comment_status":"closed","ping_status":"closed","template":"","meta":{"_acf_changed":false,"footnotes":""},"class_list":["post-9836","page","type-page","status-publish","hentry"],"acf":[],"_links":{"self":[{"href":"https:\/\/www.fossr.eu\/en\/wp-json\/wp\/v2\/pages\/9836","targetHints":{"allow":["GET"]}}],"collection":[{"href":"https:\/\/www.fossr.eu\/en\/wp-json\/wp\/v2\/pages"}],"about":[{"href":"https:\/\/www.fossr.eu\/en\/wp-json\/wp\/v2\/types\/page"}],"author":[{"embeddable":true,"href":"https:\/\/www.fossr.eu\/en\/wp-json\/wp\/v2\/users\/1"}],"replies":[{"embeddable":true,"href":"https:\/\/www.fossr.eu\/en\/wp-json\/wp\/v2\/comments?post=9836"}],"version-history":[{"count":2,"href":"https:\/\/www.fossr.eu\/en\/wp-json\/wp\/v2\/pages\/9836\/revisions"}],"predecessor-version":[{"id":9838,"href":"https:\/\/www.fossr.eu\/en\/wp-json\/wp\/v2\/pages\/9836\/revisions\/9838"}],"up":[{"embeddable":true,"href":"https:\/\/www.fossr.eu\/en\/wp-json\/wp\/v2\/pages\/9833"}],"wp:attachment":[{"href":"https:\/\/www.fossr.eu\/en\/wp-json\/wp\/v2\/media?parent=9836"}],"curies":[{"name":"wp","href":"https:\/\/api.w.org\/{rel}","templated":true}]}}